{"id":351,"date":"2024-02-07T21:43:09","date_gmt":"2024-02-07T20:43:09","guid":{"rendered":"https:\/\/tudastaron.hu\/?page_id=351"},"modified":"2024-02-07T21:44:53","modified_gmt":"2024-02-07T20:44:53","slug":"araink","status":"publish","type":"page","link":"https:\/\/tudastaron.hu\/?page_id=351","title":{"rendered":"\u00c1raink"},"content":{"rendered":"<ul>\n<li>egy\u00e9ni v\u00e1llalkoz\u00e1s 15.000 Ft \/ h\u00f3-t\u00f3l<\/li>\n<li>t\u00e1rsas v\u00e1llalkoz\u00e1s alapd\u00edj 35.000 Ft + \u00e1fa \/ h\u00f3-t\u00f3l<\/li>\n<li>b\u00e9rsz\u00e1mfejt\u00e9s 3.200 Ft + \u00e1fa \/ f\u0151 \/ h\u00f3-t\u00f3l<\/li>\n<li>Tan\u00e1csad\u00e1s 20.000 Ft + \u00e1fa \/ \u00f3ra<\/li>\n<li>Oktat\u00e1s 7.500 Ft \/ tan\u00f3ra<\/li>\n<li>Marketing tan\u00e1csad\u00e1s d\u00edja: egyedi meg\u00e1llapod\u00e1s alapj\u00e1n<\/li>\n<li>Szervezetfejleszt\u00e9s d\u00edja: egyedi meg\u00e1llapod\u00e1s alapj\u00e1n<\/li>\n<li>Szab\u00e1lyzatok k\u00e9sz\u00edt\u00e9se: 50.000 Ft + \u00e1fa \/ szab\u00e1lyzat-t\u00f3<\/li>\n<\/ul>\n","protected":false},"excerpt":{"rendered":"<p>egy\u00e9ni v\u00e1llalkoz\u00e1s 15.000 Ft \/ h\u00f3-t\u00f3l t\u00e1rsas v\u00e1llalkoz\u00e1s alapd\u00edj 35.000 Ft + \u00e1fa \/ h\u00f3-t\u00f3l b\u00e9rsz\u00e1mfejt\u00e9s 3.200 Ft + \u00e1fa \/ f\u0151 \/ h\u00f3-t\u00f3l Tan\u00e1csad\u00e1s 20.000 Ft + \u00e1fa \/ \u00f3ra Oktat\u00e1s 7.500 Ft \/ tan\u00f3ra Marketing tan\u00e1csad\u00e1s d\u00edja: egyedi meg\u00e1llapod\u00e1s alapj\u00e1n Szervezetfejleszt\u00e9s d\u00edja: egyedi meg\u00e1llapod\u00e1s alapj\u00e1n Szab\u00e1lyzatok k\u00e9sz\u00edt\u00e9se: 50.000 Ft + \u00e1fa \/ szab\u00e1lyzat-t\u00f3<\/p>\n","protected":false},"author":1,"featured_media":319,"parent":0,"menu_order":0,"comment_status":"closed","ping_status":"closed","template":"","meta":{"footnotes":""},"class_list":["post-351","page","type-page","status-publish","has-post-thumbnail","hentry"],"_links":{"self":[{"href":"https:\/\/tudastaron.hu\/index.php?rest_route=\/wp\/v2\/pages\/351","targetHints":{"allow":["GET"]}}],"collection":[{"href":"https:\/\/tudastaron.hu\/index.php?rest_route=\/wp\/v2\/pages"}],"about":[{"href":"https:\/\/tudastaron.hu\/index.php?rest_route=\/wp\/v2\/types\/page"}],"author":[{"embeddable":true,"href":"https:\/\/tudastaron.hu\/index.php?rest_route=\/wp\/v2\/users\/1"}],"replies":[{"embeddable":true,"href":"https:\/\/tudastaron.hu\/index.php?rest_route=%2Fwp%2Fv2%2Fcomments&post=351"}],"version-history":[{"count":2,"href":"https:\/\/tudastaron.hu\/index.php?rest_route=\/wp\/v2\/pages\/351\/revisions"}],"predecessor-version":[{"id":353,"href":"https:\/\/tudastaron.hu\/index.php?rest_route=\/wp\/v2\/pages\/351\/revisions\/353"}],"wp:featuredmedia":[{"embeddable":true,"href":"https:\/\/tudastaron.hu\/index.php?rest_route=\/wp\/v2\/media\/319"}],"wp:attachment":[{"href":"https:\/\/tudastaron.hu\/index.php?rest_route=%2Fwp%2Fv2%2Fmedia&parent=351"}],"curies":[{"name":"wp","href":"https:\/\/api.w.org\/{rel}","templated":true}]}}